{"id":2750,"date":"2024-12-29T14:50:36","date_gmt":"2024-12-29T13:50:36","guid":{"rendered":"https:\/\/techmall.ma\/?post_type=product&#038;p=2750"},"modified":"2024-12-29T14:51:33","modified_gmt":"2024-12-29T13:51:33","slug":"imprimante-epson-ecotank-l6290-a4-a-reservoir-a-reservoirs-rechargeables","status":"publish","type":"product","link":"https:\/\/techmall.ma\/?product=imprimante-epson-ecotank-l6290-a4-a-reservoir-a-reservoirs-rechargeables","title":{"rendered":"IMPRIMANTE EPSON ECOTANK L6290 A4 \u00e0 r\u00e9servoir \u00c0 R\u00c9SERVOIRS RECHARGEABLES"},"content":{"rendered":"","protected":false},"excerpt":{"rendered":"<p>IMPRIMANTE EPSON ECOTANK  L6290  A4 \u00e0 r\u00e9servoir \u00c0 R\u00c9SERVOIRS RECHARGEABLES (C11CJ60405)<br \/>\nEPSON ECOTANK  L6290  A4 \u00e0 r\u00e9servoir d\u2019encre multifonction (Impression, Num\u00e9risation, Copie, T\u00e9l\u00e9copie) Couleur<br \/>\n15,5ppm\/8,5 ppm<br \/>\nUSB, Ethernet, Wi-Fi, Wi-Fi Direct<br \/>\nrecto\/verso: Automatique<br \/>\n4.800 x 1.200 DPI (ppp)<br \/>\nBac 30 feuilles4 R\u00e9servoirs (N\/C\/M\/N)<\/p>\n","protected":false},"featured_media":2807,"template":"","meta":{"_acf_changed":false},"product_brand":[],"product_cat":[269],"product_tag":[],"class_list":{"0":"post-2750","1":"product","2":"type-product","3":"status-publish","4":"has-post-thumbnail","6":"product_cat-jet-dencre","8":"first","9":"instock","10":"taxable","11":"shipping-taxable","12":"purchasable","13":"product-type-simple"},"acf":[],"_links":{"self":[{"href":"https:\/\/techmall.ma\/index.php?rest_route=\/wp\/v2\/product\/2750","targetHints":{"allow":["GET"]}}],"collection":[{"href":"https:\/\/techmall.ma\/index.php?rest_route=\/wp\/v2\/product"}],"about":[{"href":"https:\/\/techmall.ma\/index.php?rest_route=\/wp\/v2\/types\/product"}],"wp:featuredmedia":[{"embeddable":true,"href":"https:\/\/techmall.ma\/index.php?rest_route=\/wp\/v2\/media\/2807"}],"wp:attachment":[{"href":"https:\/\/techmall.ma\/index.php?rest_route=%2Fwp%2Fv2%2Fmedia&parent=2750"}],"wp:term":[{"taxonomy":"product_brand","embeddable":true,"href":"https:\/\/techmall.ma\/index.php?rest_route=%2Fwp%2Fv2%2Fproduct_brand&post=2750"},{"taxonomy":"product_cat","embeddable":true,"href":"https:\/\/techmall.ma\/index.php?rest_route=%2Fwp%2Fv2%2Fproduct_cat&post=2750"},{"taxonomy":"product_tag","embeddable":true,"href":"https:\/\/techmall.ma\/index.php?rest_route=%2Fwp%2Fv2%2Fproduct_tag&post=2750"}],"curies":[{"name":"wp","href":"https:\/\/api.w.org\/{rel}","templated":true}]}}